{"id":2386,"date":"2015-08-10T12:23:05","date_gmt":"2015-08-10T10:23:05","guid":{"rendered":"https:\/\/www.dedonderdeuren.be\/?page_id=2386"},"modified":"2026-01-03T23:43:09","modified_gmt":"2026-01-03T21:43:09","slug":"portes-a-peindre-plates","status":"publish","type":"page","link":"https:\/\/www.dedonderdeuren.be\/fr\/portes-a-peindre\/portes-a-peindre-plates\/","title":{"rendered":"Portes \u00e0 peindre &#8211; plates"},"content":{"rendered":"<div class=\"wpb-content-wrapper\"><p>[vc_row][vc_column][vc_column_text]<\/p>\n<h1>Portes \u00e0 peindre plates<\/h1>\n<p>Nos portes \u00e0 peindre semi-massives avec \u00e9brasement en multiplex n&rsquo;ont pas les inconv\u00e9nients des portes massives ou en MDF. Elles sont plus r\u00e9sistantes \u00e0 l&rsquo;eau et les vis tiennent mieux dans l&rsquo;\u00e9brasement.<\/p>\n<p>Nos portes \u00e0 peindre sont parfaitement pr\u00e9peintes en 2 couches. Apr\u00e8s l&rsquo;installation, il suffit d&rsquo;appliquer une couche de finition et ensuite plus jamais. Ces portes \u00e0 peindre sont stables, solides et r\u00e9sistantes aux rayures mais pas trop lourdes. Ebrasement en multiplex pr\u00e9peint avec chambranle en bois dur avec une \u00e9paisse couche de r\u00e9sine synth\u00e9tique.[\/vc_column_text][vc_message css=\u00a0\u00bb.vc_custom_1677175239305{margin-top: 20px !important;}\u00a0\u00bb]<strong>Ebrasement en multiplex! S\u00fbr, r\u00e9sistant \u00e0 l&rsquo;humidit\u00e9, ind\u00e9formable et les vis ne se desserrent pas.<\/strong>[\/vc_message][\/vc_column][\/vc_row][vc_row css=\u00a0\u00bb.vc_custom_1677175284896{margin-top: 40px !important;}\u00a0\u00bb][vc_column width=\u00a0\u00bb1\/4&Prime;][vc_column_text]<figure id=\"attachment_1407\" aria-describedby=\"caption-attachment-1407\" style=\"width: 174px\" class=\"wp-caption aligncenter\"><a href=\"https:\/\/www.dedonderdeuren.be\/wp-content\/uploads\/design-volkern-2291.jpg\" data-rel=\"lightbox-gallery-nWlLdMc2\" data-rl_title=\"\" data-rl_caption=\"\" title=\"\"><img decoding=\"async\" class=\"wp-image-1407 lazyload\" data-src=\"https:\/\/www.dedonderdeuren.be\/wp-content\/uploads\/design-volkern-2291-127x275.jpg\" alt=\"Porte int\u00e9rieure Design \u00e2me pleine 229\" width=\"184\" height=\"400\" data-srcset=\"https:\/\/www.dedonderdeuren.be\/wp-content\/uploads\/design-volkern-2291-127x275.jpg 127w, https:\/\/www.dedonderdeuren.be\/wp-content\/uploads\/design-volkern-2291-69x150.jpg 69w, https:\/\/www.dedonderdeuren.be\/wp-content\/uploads\/design-volkern-2291-90x195.jpg 90w, https:\/\/www.dedonderdeuren.be\/wp-content\/uploads\/design-volkern-2291.jpg 345w\" data-sizes=\"(max-width: 184px) 100vw, 184px\" src=\"data:image\/svg+xml;base64,PHN2ZyB3aWR0aD0iMSIgaGVpZ2h0PSIxIiB4bWxucz0iaHR0cDovL3d3dy53My5vcmcvMjAwMC9zdmciPjwvc3ZnPg==\" style=\"--smush-placeholder-width: 184px; --smush-placeholder-aspect-ratio: 184\/400;\" \/><\/a><figcaption id=\"caption-attachment-1407\" class=\"wp-caption-text\">Design \u00c2me pleine 229<\/figcaption><\/figure><\/p>\n<div id=\"ConnectiveDocSignExtentionInstalled\" data-extension-version=\"1.0.4\"><\/div>\n<p>[\/vc_column_text][\/vc_column][vc_column width=\u00a0\u00bb1\/4&Prime;][vc_column_text]<figure id=\"attachment_1598\" aria-describedby=\"caption-attachment-1598\" style=\"width: 173px\" class=\"wp-caption aligncenter\"><img decoding=\"async\" class=\"wp-image-1598 lazyload\" data-src=\"https:\/\/www.dedonderdeuren.be\/wp-content\/uploads\/2941-126x275.jpg\" alt=\"Porte int\u00e9rieure 294\" width=\"183\" height=\"400\" data-srcset=\"https:\/\/www.dedonderdeuren.be\/wp-content\/uploads\/2941.jpg 126w, https:\/\/www.dedonderdeuren.be\/wp-content\/uploads\/2941-69x150.jpg 69w, https:\/\/www.dedonderdeuren.be\/wp-content\/uploads\/2941-89x195.jpg 89w\" data-sizes=\"(max-width: 183px) 100vw, 183px\" src=\"data:image\/svg+xml;base64,PHN2ZyB3aWR0aD0iMSIgaGVpZ2h0PSIxIiB4bWxucz0iaHR0cDovL3d3dy53My5vcmcvMjAwMC9zdmciPjwvc3ZnPg==\" style=\"--smush-placeholder-width: 183px; --smush-placeholder-aspect-ratio: 183\/400;\" \/><figcaption id=\"caption-attachment-1598\" class=\"wp-caption-text\">Design \u00c2me pleine 294<\/figcaption><\/figure><\/p>\n<div id=\"ConnectiveDocSignExtentionInstalled\" data-extension-version=\"1.0.4\"><\/div>\n<p>[\/vc_column_text][\/vc_column][vc_column width=\u00a0\u00bb1\/4&Prime;][vc_column_text]<figure id=\"attachment_2089\" aria-describedby=\"caption-attachment-2089\" style=\"width: 178px\" class=\"wp-caption aligncenter\"><a href=\"https:\/\/www.dedonderdeuren.be\/wp-content\/uploads\/251-wit.jpg\" data-rel=\"lightbox-gallery-nWlLdMc2\" data-rl_title=\"Binnendeur design volkern 251\" data-rl_caption=\"\" title=\"Binnendeur design volkern 251\"><img decoding=\"async\" class=\"wp-image-2089 lazyload\" data-src=\"https:\/\/www.dedonderdeuren.be\/wp-content\/uploads\/251-wit-129x275.jpg\" alt=\"Porte int\u00e9rieure design 251\" width=\"188\" height=\"400\" data-srcset=\"https:\/\/www.dedonderdeuren.be\/wp-content\/uploads\/251-wit-129x275.jpg 129w, https:\/\/www.dedonderdeuren.be\/wp-content\/uploads\/251-wit-70x150.jpg 70w, https:\/\/www.dedonderdeuren.be\/wp-content\/uploads\/251-wit-92x195.jpg 92w, https:\/\/www.dedonderdeuren.be\/wp-content\/uploads\/251-wit.jpg 352w\" data-sizes=\"(max-width: 188px) 100vw, 188px\" src=\"data:image\/svg+xml;base64,PHN2ZyB3aWR0aD0iMSIgaGVpZ2h0PSIxIiB4bWxucz0iaHR0cDovL3d3dy53My5vcmcvMjAwMC9zdmciPjwvc3ZnPg==\" style=\"--smush-placeholder-width: 188px; --smush-placeholder-aspect-ratio: 188\/400;\" \/><\/a><figcaption id=\"caption-attachment-2089\" class=\"wp-caption-text\">Design \u00c2me pleine 251<\/figcaption><\/figure><\/p>\n<div id=\"ConnectiveDocSignExtentionInstalled\" data-extension-version=\"1.0.4\"><\/div>\n<p>[\/vc_column_text][\/vc_column][vc_column width=\u00a0\u00bb1\/4&Prime;][vc_column_text]<figure id=\"attachment_1409\" aria-describedby=\"caption-attachment-1409\" style=\"width: 177px\" class=\"wp-caption aligncenter\"><a href=\"https:\/\/www.dedonderdeuren.be\/wp-content\/uploads\/V251-half-massief.jpg\" data-rel=\"lightbox-gallery-nWlLdMc2\" data-rl_title=\"\" data-rl_caption=\"\" title=\"\"><img decoding=\"async\" class=\"wp-image-1409 lazyload\" data-src=\"https:\/\/www.dedonderdeuren.be\/wp-content\/uploads\/V251-half-massief-129x275.jpg\" alt=\"Porte int\u00e9rieure V251 semi-massive\" width=\"187\" height=\"400\" data-srcset=\"https:\/\/www.dedonderdeuren.be\/wp-content\/uploads\/V251-half-massief-129x275.jpg 129w, https:\/\/www.dedonderdeuren.be\/wp-content\/uploads\/V251-half-massief-70x150.jpg 70w, https:\/\/www.dedonderdeuren.be\/wp-content\/uploads\/V251-half-massief-91x195.jpg 91w, https:\/\/www.dedonderdeuren.be\/wp-content\/uploads\/V251-half-massief.jpg 351w\" data-sizes=\"(max-width: 187px) 100vw, 187px\" src=\"data:image\/svg+xml;base64,PHN2ZyB3aWR0aD0iMSIgaGVpZ2h0PSIxIiB4bWxucz0iaHR0cDovL3d3dy53My5vcmcvMjAwMC9zdmciPjwvc3ZnPg==\" style=\"--smush-placeholder-width: 187px; --smush-placeholder-aspect-ratio: 187\/400;\" \/><\/a><figcaption id=\"caption-attachment-1409\" class=\"wp-caption-text\">V251 semi-massive<\/figcaption><\/figure><\/p>\n<div id=\"ConnectiveDocSignExtentionInstalled\" data-extension-version=\"1.0.4\"><\/div>\n<p>[\/vc_column_text][\/vc_column][\/vc_row][vc_row][vc_column][vc_column_text css=\u00a0\u00bb\u00a0\u00bb]<\/p>\n<table class=\"center-90\" cellspacing=\"0\" cellpadding=\"5\" align=\"center\">\n<tbody>\n<tr style=\"height: 96px;\">\n<th style=\"width: 28%; text-align: left; height: 96px;\"><\/th>\n<th style=\"width: 12%; text-align: center; height: 96px;\">Alv\u00e9olaire<br \/>\n\u00e0 peindre<\/th>\n<th style=\"width: 12%; text-align: center; height: 96px;\">\u00c2me pleine<br \/>\n\u00e0 peindre<\/th>\n<th style=\"width: 12%; text-align: center; height: 96px;\">Design<br \/>\n\u00c2me pleine<br \/>\n\u00e0 peindre<\/th>\n<th style=\"width: 12%; text-align: center; height: 96px;\">\u00c2me pleine feuille laqu\u00e9e<br \/>\nRAL 9003 (1)<\/th>\n<th style=\"width: 12%; text-align: center; height: 96px;\">V251<br \/>\nsemi-massive<br \/>\n\u00e0 peindre<\/th>\n<th style=\"width: 12%; text-align: center; height: 96px;\">RF30<br \/>\nPare-feu<\/th>\n<\/tr>\n<tr style=\"height: 24px;\">\n<td style=\"height: 24px;\">Feuille de porte<\/td>\n<td style=\"text-align: center; height: 24px;\">\u20ac 50<\/td>\n<td style=\"text-align: center; height: 24px;\">\u20ac 80<\/td>\n<td style=\"text-align: center; height: 24px;\">\u20ac 125<\/td>\n<td style=\"text-align: center; height: 24px;\">\u20ac 130<\/td>\n<td style=\"text-align: center; height: 24px;\">\u20ac 220<\/td>\n<td style=\"text-align: center; height: 24px;\">\u20ac 220<\/td>\n<\/tr>\n<tr style=\"height: 48px;\">\n<td style=\"height: 48px;\">Ebrasement + Chambranle standard<\/td>\n<td style=\"text-align: center; height: 48px;\">\u20ac 120<\/td>\n<td style=\"text-align: center; height: 48px;\">\u20ac 120<\/td>\n<td style=\"text-align: center; height: 48px;\">\u20ac 120<\/td>\n<td style=\"text-align: center; height: 48px;\">\u20ac 120<\/td>\n<td style=\"text-align: center; height: 48px;\">\u20ac 120<\/td>\n<td style=\"text-align: center; height: 48px;\">\u20ac 120<\/td>\n<\/tr>\n<tr style=\"height: 24px;\">\n<td style=\"height: 24px;\">3 charni\u00e8res<\/td>\n<td style=\"text-align: center; height: 24px;\">\u20ac 12<\/td>\n<td style=\"text-align: center; height: 24px;\">\u20ac 12<\/td>\n<td style=\"text-align: center; height: 24px;\">\u20ac 12 (2)<\/td>\n<td style=\"text-align: center; height: 24px;\">\u20ac 12<\/td>\n<td style=\"text-align: center; height: 24px;\">\u20ac 12<\/td>\n<td style=\"text-align: center; height: 24px;\">\u20ac 12<\/td>\n<\/tr>\n<tr style=\"height: 24px;\">\n<td style=\"height: 24px;\">Serrure<\/td>\n<td style=\"text-align: center; height: 24px;\">\u20ac 10<\/td>\n<td style=\"text-align: center; height: 24px;\">\u20ac 10<\/td>\n<td style=\"text-align: center; height: 24px;\">\u20ac 10<\/td>\n<td style=\"text-align: center; height: 24px;\">\u20ac 10<\/td>\n<td style=\"text-align: center; height: 24px;\">\u20ac 10<\/td>\n<td style=\"text-align: center; height: 24px;\">\u20ac 10<\/td>\n<\/tr>\n<tr style=\"height: 24px;\">\n<td style=\"height: 24px;\">Forage<\/td>\n<td style=\"text-align: center; height: 24px;\">\u20ac 5<\/td>\n<td style=\"text-align: center; height: 24px;\">\u20ac 5<\/td>\n<td style=\"text-align: center; height: 24px;\">\u20ac 5<\/td>\n<td style=\"text-align: center; height: 24px;\">\u20ac 5<\/td>\n<td style=\"text-align: center; height: 24px;\">\u20ac 5<\/td>\n<td style=\"text-align: center; height: 24px;\">\u20ac5<\/td>\n<\/tr>\n<tr style=\"background-color: #293660;\">\n<td style=\"height: 24px;\">Pr\u00e9paration pour le placement<\/td>\n<td style=\"text-align: center; height: 24px;\">\u20ac 43<\/td>\n<td style=\"text-align: center; height: 24px;\">\u20ac 43<\/td>\n<td style=\"text-align: center; height: 24px;\">\u20ac 43<\/td>\n<td style=\"text-align: center; height: 24px;\">\u20ac 43<\/td>\n<td style=\"text-align: center; height: 24px;\">\u20ac 43<\/td>\n<td style=\"text-align: center; height: 24px;\">\u20ac 43<\/td>\n<\/tr>\n<tr style=\"background-color: #293660;\">\n<td style=\"height: 24px;\"><a href=\"https:\/\/www.dedonderdeuren.be\/fr\/faq\/#plaatsklaar\" target=\"_blank\" rel=\"noopener noreferrer\">Pr\u00eat \u00e0 placer<\/a><\/td>\n<td style=\"text-align: center; height: 24px;\">\u20ac 240<\/td>\n<td style=\"text-align: center; height: 24px;\">\u20ac 270<\/td>\n<td style=\"text-align: center; height: 24px;\">\u20ac 315<\/td>\n<td style=\"text-align: center; height: 24px;\">\u20ac 320<\/td>\n<td style=\"text-align: center; height: 24px;\">\u20ac 410<\/td>\n<td style=\"text-align: center; height: 24px;\">\u20ac 410<\/td>\n<\/tr>\n<tr style=\"background-color: #394a84;\">\n<td style=\"height: 24px;\">Plac\u00e9 (hors TVA)<\/td>\n<td style=\"text-align: center; height: 24px;\">\u20ac 360<\/td>\n<td style=\"text-align: center; height: 24px;\"><strong>\u20ac 390<\/strong><\/td>\n<td style=\"text-align: center; height: 24px;\"><strong>\u20ac 435<br \/>\n<\/strong><\/td>\n<td style=\"text-align: center; height: 24px;\"><strong>\u20ac 440<br \/>\n<\/strong><\/td>\n<td style=\"text-align: center; height: 24px;\"><strong>\u20ac 530<br \/>\n<\/strong><\/td>\n<td style=\"text-align: center; height: 24px;\"><strong>\u20ac 550 (3)<\/strong><\/td>\n<\/tr>\n<tr style=\"background-color: #293660;\">\n<td style=\"height: 24px;\">Avec TVA 6%<\/td>\n<td style=\"text-align: center; height: 24px;\">\u20ac 381,60<\/td>\n<td style=\"text-align: center; height: 24px;\">\u20ac 413,40<\/td>\n<td style=\"text-align: center; height: 24px;\">\u20ac 461,10<\/td>\n<td style=\"text-align: center; height: 24px;\">\u20ac 466,40<\/td>\n<td style=\"text-align: center; height: 24px;\">\u20ac 561,80<\/td>\n<td style=\"text-align: center; height: 24px;\">\u20ac 583,00<\/td>\n<\/tr>\n<tr style=\"background-color: #293660;\">\n<td style=\"height: 24px;\">Avec TVA 21%<\/td>\n<td style=\"text-align: center; height: 24px;\">\u20ac 435,60<\/td>\n<td style=\"text-align: center; height: 24px;\">\u20ac 471,90<\/td>\n<td style=\"text-align: center; height: 24px;\">\u20ac 526,35<\/td>\n<td style=\"text-align: center; height: 24px;\">\u20ac 532,40<\/td>\n<td style=\"text-align: center; height: 24px;\">\u20ac 641,30<\/td>\n<td style=\"text-align: center; height: 24px;\">\u20ac 665,50<\/td>\n<\/tr>\n<tr style=\"height: 24px;\">\n<td style=\"height: 24px;\" colspan=\"7\"><\/td>\n<\/tr>\n<\/tbody>\n<\/table>\n<p>[\/vc_column_text][vc_empty_space height=\u00a0\u00bb10px\u00a0\u00bb][vc_column_text css=\u00a0\u00bb\u00a0\u00bb](1) Feuille de porte parfaitement laqu\u00e9e en blanc pour seulement \u20ac 50 de suppl\u00e9ment. Ebrasement et chambranles restent \u00e0 laquer.<br \/>\n(2) 3 charni\u00e8res \u00e0 billes<br \/>\n(3) RF avec certificat: + \u20ac100<\/p>\n<p>Serrure magn\u00e9tique: + \u20ac 5<\/p>\n<p><strong>Mesures:<\/strong><br \/>\nHauteur 201,5 x largeur 63, 68, 73, 78, 83 cm | 93 cm (+ \u20ac 30)<br \/>\nHauteur 211,5 x largeur 73, 78 en 93 cm (+ \u20ac 30) &#8211; seulement \u00e2me pleine[\/vc_column_text][vc_cta h2=\u00a0\u00bbVous pr\u00e9f\u00e9rez ne pas peindre vous-m\u00eame?\u00a0\u00bb el_width=\u00a0\u00bbxl\u00a0\u00bb add_button=\u00a0\u00bbright\u00a0\u00bb btn_title=\u00a0\u00bbVoyez nos portes laqu\u00e9es\u00a0\u00bb btn_style=\u00a0\u00bbclassic\u00a0\u00bb btn_color=\u00a0\u00bbprimary\u00a0\u00bb add_icon=\u00a0\u00bbleft\u00a0\u00bb i_icon_fontawesome=\u00a0\u00bbfas fa-arrow-circle-right\u00a0\u00bb css=\u00a0\u00bb.vc_custom_1677176160782{margin-top: 40px !important;background-color: #cfebfe !important;}\u00a0\u00bb btn_link=\u00a0\u00bburl:https%3A%2F%2Fwww.dedonderdeuren.be%2Ffr%2Fportes-laquees%2F|title:Portes%20laqu%C3%A9es\u00a0\u00bb]<strong>Nous disposons d&rsquo;une large gamme de portes int\u00e9rieures parfaitement laqu\u00e9es, enti\u00e8rement finies et r\u00e9sistantes aux rayures !<\/strong>[\/vc_cta][\/vc_column][\/vc_row][vc_row css=\u00a0\u00bb.vc_custom_1481542125452{margin-top: 10px !important;}\u00a0\u00bb][vc_column][vc_column_text css=\u00a0\u00bb.vc_custom_1767476472318{margin-top: 10px !important;}\u00a0\u00bb]<\/p>\n<h1 class=\"yellow-title\">Portes \u00e0 peindre et portes laqu\u00e9es &#8211; r\u00e9sum\u00e9<\/h1>\n<h2>Portes \u00e0 peindre pr\u00e9peintes<\/h2>\n<p>Ebrasement en multiplex pr\u00e9peint en blanc. Cette porte est plus r\u00e9sistante \u00e0 l\u2019eau. Les vis tiennent bien.<br \/>\nChambranle massif avec couche dure, anti-rayure. Doit encore \u00eatre laqu\u00e9e.<br \/>\nSerrure magn\u00e9tique:+ 5 \u20ac<\/p>\n<table class=\"center-90\" cellspacing=\"5\" cellpadding=\"5\">\n<tbody>\n<tr>\n<th style=\"width: 50%; text-align: left;\">Portes \u00e0 peindre plates<\/th>\n<th style=\"width: 12.5%; text-align: center;\">Porte<\/th>\n<th style=\"width: 12.5%; text-align: center;\">Ebrasement<\/th>\n<th style=\"width: 12.5%; text-align: center;\">Pr\u00eat \u00e0 placer<\/th>\n<th style=\"width: 12.5%; text-align: center;\">Plac\u00e9<\/th>\n<\/tr>\n<tr>\n<td style=\"width: 50%;\">Porte \u00e0 peindre plate<\/td>\n<td style=\"text-align: center; width: 12.5%;\">alv\u00e9olaire 3 mm<\/td>\n<td style=\"text-align: center; width: 12.5%;\">multiplex<\/td>\n<td style=\"text-align: center; width: 12.5%;\">\u20ac 240<\/td>\n<td style=\"text-align: center; width: 12.5%;\">\u20ac 360<\/td>\n<\/tr>\n<tr>\n<td style=\"width: 50%;\">Porte \u00e0 peindre plate<\/td>\n<td style=\"text-align: center; width: 12.5%;\">tubespan<\/td>\n<td style=\"text-align: center; width: 12.5%;\">multiplex<\/td>\n<td style=\"text-align: center; width: 12.5%;\">\u20ac 270<\/td>\n<td style=\"text-align: center; width: 12.5%;\">\u20ac 390<\/td>\n<\/tr>\n<tr>\n<td style=\"width: 50%;\">Porte \u00e0 peindre plate laqu\u00e9e RAL 9003<\/td>\n<td style=\"text-align: center; width: 12.5%;\">\u00e2me pleine<\/td>\n<td style=\"text-align: center; width: 12.5%;\">multiplex<\/td>\n<td style=\"text-align: center; width: 12.5%;\">\u20ac 320<\/td>\n<td style=\"text-align: center; width: 12.5%;\">\u20ac 440<\/td>\n<\/tr>\n<tr>\n<td colspan=\"5\"><span style=\"font-size: 8pt;\"><em>Feuille de porte parfaitement laqu\u00e9e en blanc. Ebrasement et chambranles encore \u00e0 laquer.<\/em><\/span><\/td>\n<\/tr>\n<tr>\n<td style=\"width: 50%;\">RF 30, anti-feu 30&prime; plate<\/td>\n<td style=\"text-align: center; width: 12.5%;\"><\/td>\n<td style=\"text-align: center; width: 12.5%;\"><\/td>\n<td style=\"text-align: center; width: 12.5%;\">\u20ac 410<\/td>\n<td style=\"text-align: center; width: 12.5%;\">\u20ac 550<\/td>\n<\/tr>\n<tr>\n<th style=\"text-align: left; width: 50%;\">Portes \u00e0 peindre avec moulures<\/th>\n<th style=\"text-align: center; width: 12.5%;\"><\/th>\n<th style=\"text-align: center; width: 12.5%;\"><\/th>\n<th style=\"text-align: center; width: 12.5%;\">Pr\u00eat \u00e0 placer<\/th>\n<th style=\"text-align: center; width: 12.5%;\">Plac\u00e9<\/th>\n<\/tr>\n<tr>\n<td style=\"width: 50%;\">V53 avecmoulures<\/td>\n<td style=\"text-align: center; width: 12.5%;\"><\/td>\n<td style=\"text-align: center; width: 12.5%;\"><\/td>\n<td style=\"text-align: center; width: 12.5%;\">\u20ac 400<\/td>\n<td style=\"text-align: center; width: 12.5%;\">\u20ac 520<\/td>\n<\/tr>\n<tr>\n<td colspan=\"5\"><em><span style=\"font-size: 8pt;\">Charni\u00e8res invisibles: + \u20ac 120 par porte. Serrure magn\u00e9tique: + \u20ac 5.<\/span><\/em><\/td>\n<\/tr>\n<\/tbody>\n<\/table>\n<p>[\/vc_column_text][vc_row_inner][vc_column_inner][vc_column_text css=\u00a0\u00bb.vc_custom_1767476579914{margin-top: 10px !important;}\u00a0\u00bb]<\/p>\n<h2>Portes laqu\u00e9es finies<\/h2>\n<p>Ebrasement en MDF ou en multiplex.<br \/>\nConseil: Le MDF se dilate \u00e0 cause de l\u2019eau utilis\u00e9e pour le nettoyage. Les vis tiennent moins bien.<\/p>\n<table class=\"center-90\" cellspacing=\"5\" cellpadding=\"5\">\n<tbody>\n<tr>\n<th style=\"width: 50%; text-align: left;\">Portes laqu\u00e9es plates<\/th>\n<th style=\"width: 12.5%; text-align: center;\">\u00c2me<\/th>\n<th style=\"width: 12.5%; text-align: center;\">Ebrasement<\/th>\n<th style=\"width: 12.5%; text-align: center;\">Pr\u00eat \u00e0 placer<\/th>\n<th style=\"width: 12.5%; text-align: center;\">Plac\u00e9<\/th>\n<\/tr>\n<tr>\n<td style=\"width: 50%;\">Lamin\u00e9e blanc. Finition dure.<\/td>\n<td style=\"text-align: center; width: 12.5%;\">alv\u00e9olaire 3 mm<\/td>\n<td style=\"text-align: center; width: 12.5%;\">MDF<\/td>\n<td style=\"text-align: center; width: 12.5%;\">\u20ac 320<\/td>\n<td style=\"text-align: center; width: 12.5%;\">\u20ac 460<\/td>\n<\/tr>\n<tr>\n<td style=\"width: 50%;\">Theutron laqu\u00e9e blanc alv\u00e9olaire. Laque dure.<\/td>\n<td style=\"text-align: center; width: 12.5%;\">alv\u00e9olaire 3 mm<\/td>\n<td style=\"text-align: center; width: 12.5%;\">MDF<\/td>\n<td style=\"text-align: center; width: 12.5%;\">\u20ac 460<\/td>\n<td style=\"text-align: center; width: 12.5%;\">\u20ac 600<\/td>\n<\/tr>\n<tr>\n<td style=\"width: 50%;\">Theutron laqu\u00e9e blanc. Tubespan.<\/td>\n<td style=\"text-align: center; width: 12.5%;\">tubespan<\/td>\n<td style=\"text-align: center; width: 12.5%;\">MDF<\/td>\n<td style=\"text-align: center; width: 12.5%;\">\u20ac 490<\/td>\n<td style=\"text-align: center; width: 12.5%;\">\u20ac 630<\/td>\n<\/tr>\n<tr>\n<td style=\"width: 50%;\">Porto laqu\u00e9e en blanc. Charni\u00e8res invisibles.<\/td>\n<td style=\"text-align: center; width: 12.5%;\">\u00e2me pleine<\/td>\n<td style=\"text-align: center; width: 12.5%;\">multiplex<\/td>\n<td style=\"text-align: center; width: 12.5%;\">\u20ac 540<\/td>\n<td style=\"text-align: center; width: 12.5%;\">\u20ac 680<\/td>\n<\/tr>\n<tr>\n<td style=\"width: 50%;\">Porto laqu\u00e9e en noir. Charni\u00e8res invisibles.<\/td>\n<td style=\"text-align: center; width: 12.5%;\">alv\u00e9olaire&nbsp; 6mm<\/td>\n<td style=\"text-align: center; width: 12.5%;\">multiplex<\/td>\n<td style=\"text-align: center; width: 12.5%;\">\u20ac 540<\/td>\n<td style=\"text-align: center; width: 12.5%;\">\u20ac 680<\/td>\n<\/tr>\n<tr>\n<td style=\"width: 50%;\">Bloc-porte RAL 9003.<\/td>\n<td style=\"text-align: center; width: 12.5%;\">alv\u00e9olaire&nbsp; 6mm<\/td>\n<td style=\"text-align: center; width: 12.5%;\">multiplex<\/td>\n<td style=\"text-align: center; width: 12.5%;\">\u20ac 540<\/td>\n<td style=\"text-align: center; width: 12.5%;\">\u20ac 680<\/td>\n<\/tr>\n<tr>\n<td style=\"width: 50%;\">Composite RAL 9010<\/td>\n<td style=\"text-align: center; width: 12.5%;\">composite<\/td>\n<td style=\"text-align: center; width: 12.5%;\">multiplex<\/td>\n<td style=\"text-align: center; width: 12.5%;\">\u20ac 390<\/td>\n<td style=\"text-align: center; width: 12.5%;\">\u20ac 530<\/td>\n<\/tr>\n<tr>\n<td style=\"width: 50%;\">Laqu\u00e9 blanc RAL 9010. Plaque \u00e9paisse de 6 mm.<\/td>\n<td style=\"text-align: center; width: 12.5%;\">alv\u00e9olaire&nbsp; 6mm<\/td>\n<td style=\"text-align: center; width: 12.5%;\">multiplex<\/td>\n<td style=\"text-align: center; width: 12.5%;\">\u20ac 440<\/td>\n<td style=\"text-align: center; width: 12.5%;\">\u20ac 580<\/td>\n<\/tr>\n<tr>\n<td style=\"width: 50%;\">Laqu\u00e9 blanc, 211,5 cm de hauteur<\/td>\n<td style=\"text-align: center; width: 12.5%;\">\u00e2me pleine<\/td>\n<td style=\"text-align: center; width: 12.5%;\">multiplex<\/td>\n<td style=\"text-align: center; width: 12.5%;\">\u20ac 470<\/td>\n<td style=\"text-align: center; width: 12.5%;\">\u20ac 600<\/td>\n<\/tr>\n<\/tbody>\n<\/table>\n<p>Clenche 25-30-50 \u20ac non-comprise. Hauteur 211,5 cm: + 30 \u20ac<br \/>\nMod\u00e8le Porto 211,5 cm sur commande, 4 mois de d\u00e9lai de livraison, + 400 \u20ac de transport[\/vc_column_text][\/vc_column_inner][\/vc_row_inner][\/vc_column][\/vc_row][vc_row css=\u00a0\u00bb.vc_custom_1481541931582{margin-top: 10px !important;}\u00a0\u00bb][vc_column][vc_column_text]<a title=\"Gratis brochure\" href=\"https:\/\/www.dedonderdeuren.be\/fr\/brochure-gratuite\/\"><img decoding=\"async\" class=\"aligncenter wp-image-2214 size-full lazyload\" data-src=\"https:\/\/www.dedonderdeuren.be\/wp-content\/uploads\/brochure-gratuite-large.png\" alt=\"Brochure gratuite\" width=\"350\" height=\"62\" data-srcset=\"https:\/\/www.dedonderdeuren.be\/wp-content\/uploads\/brochure-gratuite-large.png 350w, https:\/\/www.dedonderdeuren.be\/wp-content\/uploads\/brochure-gratuite-large-150x27.png 150w, https:\/\/www.dedonderdeuren.be\/wp-content\/uploads\/brochure-gratuite-large-300x53.png 300w, https:\/\/www.dedonderdeuren.be\/wp-content\/uploads\/brochure-gratuite-large-195x35.png 195w\" data-sizes=\"(max-width: 350px) 100vw, 350px\" src=\"data:image\/svg+xml;base64,PHN2ZyB3aWR0aD0iMSIgaGVpZ2h0PSIxIiB4bWxucz0iaHR0cDovL3d3dy53My5vcmcvMjAwMC9zdmciPjwvc3ZnPg==\" style=\"--smush-placeholder-width: 350px; --smush-placeholder-aspect-ratio: 350\/62;\" \/><\/a>[\/vc_column_text][vc_empty_space height=\u00a0\u00bb10px\u00a0\u00bb][\/vc_column][\/vc_row][vc_row css=\u00a0\u00bb.vc_custom_1416426711162{margin-bottom: 0px !important;}\u00a0\u00bb][vc_column][vc_column_text css=\u00a0\u00bb\u00a0\u00bb]Tous les prix s&rsquo;entendent hors TVA et sans clinches. Transport en fonction du nombre de portes et de la distance: \u20ac 50-100-150.[\/vc_column_text][\/vc_column][\/vc_row]<\/p>\n<\/div>","protected":false},"excerpt":{"rendered":"<p>[vc_row][vc_column][vc_column_text] Portes \u00e0 peindre plates Nos portes \u00e0 peindre semi-massives avec \u00e9brasement en multiplex n&rsquo;ont pas les inconv\u00e9nients des portes massives ou en MDF. Elles sont plus r\u00e9sistantes \u00e0 l&rsquo;eau et les vis tiennent mieux dans l&rsquo;\u00e9brasement. Nos portes \u00e0 peindre sont parfaitement pr\u00e9peintes en 2 couches. Apr\u00e8s l&rsquo;installation, il suffit d&rsquo;appliquer une couche de &#8230; <a title=\"Portes \u00e0 peindre &#8211; plates\" class=\"read-more\" href=\"https:\/\/www.dedonderdeuren.be\/fr\/portes-a-peindre\/portes-a-peindre-plates\/\" aria-label=\"En savoir plus sur Portes \u00e0 peindre &#8211; plates\">Lire la suite<\/a><\/p>\n","protected":false},"author":1,"featured_media":0,"parent":2399,"menu_order":305,"comment_status":"closed","ping_status":"closed","template":"","meta":{"footnotes":""},"class_list":["post-2386","page","type-page","status-publish"],"_links":{"self":[{"href":"https:\/\/www.dedonderdeuren.be\/fr\/wp-json\/wp\/v2\/pages\/2386","targetHints":{"allow":["GET"]}}],"collection":[{"href":"https:\/\/www.dedonderdeuren.be\/fr\/wp-json\/wp\/v2\/pages"}],"about":[{"href":"https:\/\/www.dedonderdeuren.be\/fr\/wp-json\/wp\/v2\/types\/page"}],"author":[{"embeddable":true,"href":"https:\/\/www.dedonderdeuren.be\/fr\/wp-json\/wp\/v2\/users\/1"}],"replies":[{"embeddable":true,"href":"https:\/\/www.dedonderdeuren.be\/fr\/wp-json\/wp\/v2\/comments?post=2386"}],"version-history":[{"count":4,"href":"https:\/\/www.dedonderdeuren.be\/fr\/wp-json\/wp\/v2\/pages\/2386\/revisions"}],"predecessor-version":[{"id":10558,"href":"https:\/\/www.dedonderdeuren.be\/fr\/wp-json\/wp\/v2\/pages\/2386\/revisions\/10558"}],"up":[{"embeddable":true,"href":"https:\/\/www.dedonderdeuren.be\/fr\/wp-json\/wp\/v2\/pages\/2399"}],"wp:attachment":[{"href":"https:\/\/www.dedonderdeuren.be\/fr\/wp-json\/wp\/v2\/media?parent=2386"}],"curies":[{"name":"wp","href":"https:\/\/api.w.org\/{rel}","templated":true}]}}